{"id":1047,"date":"2021-10-02T13:25:12","date_gmt":"2021-10-02T13:25:12","guid":{"rendered":"https:\/\/mevoy.qodeinteractive.com\/?page_id=1047"},"modified":"2025-08-01T10:04:53","modified_gmt":"2025-08-01T10:04:53","slug":"hakkimizda","status":"publish","type":"page","link":"https:\/\/keymuseum.com\/tr\/hakkimizda\/","title":{"rendered":"Hakk\u0131m\u0131zda"},"content":{"rendered":"\t\t<div data-elementor-type=\"wp-page\" data-elementor-id=\"1047\" class=\"elementor elementor-1047\">\n\t\t\t\t\t\t\t\t\t<section class=\"elementor-section elementor-top-section elementor-element elementor-element-c17173e elementor-section-full_width elementor-section-stretched elementor-section-height-default elementor-section-height-default qodef-elementor-content-no\" data-id=\"c17173e\" data-element_type=\"section\" data-settings=\"{&quot;background_background&quot;:&quot;classic&quot;,&quot;stretch_section&quot;:&quot;section-stretched&quot;}\">\n\t\t\t\t\t\t<div class=\"elementor-container elementor-column-gap-no\">\n\t\t\t\t\t<div class=\"elementor-column elementor-col-100 elementor-top-column elementor-element elementor-element-8c27b6c\" data-id=\"8c27b6c\" data-element_type=\"column\">\n\t\t\t<div class=\"elementor-widget-wrap elementor-element-populated\">\n\t\t\t\t\t\t\t\t<div class=\"elementor-element elementor-element-0e6d5c8 elementor-widget__width-initial elementor-widget elementor-widget-text-editor\" data-id=\"0e6d5c8\" data-element_type=\"widget\" data-widget_type=\"text-editor.default\">\n\t\t\t\t<div class=\"elementor-widget-container\">\n\t\t\t<style>\/*! elementor - v3.15.0 - 09-08-2023 *\/\n.elementor-widget-text-editor.elementor-drop-cap-view-stacked .elementor-drop-cap{background-color:#69727d;color:#fff}.elementor-widget-text-editor.elementor-drop-cap-view-framed .elementor-drop-cap{color:#69727d;border:3px solid;background-color:transparent}.elementor-widget-text-editor:not(.elementor-drop-cap-view-default) .elementor-drop-cap{margin-top:8px}.elementor-widget-text-editor:not(.elementor-drop-cap-view-default) .elementor-drop-cap-letter{width:1em;height:1em}.elementor-widget-text-editor .elementor-drop-cap{float:left;text-align:center;line-height:1;font-size:50px}.elementor-widget-text-editor .elementor-drop-cap-letter{display:inline-block}<\/style>\t\t\t\t<p style=\"line-height: 1.0em;\"><\/p>\t\t\t\t\t\t<\/div>\n\t\t\t\t<\/div>\n\t\t\t\t\t<\/div>\n\t\t<\/div>\n\t\t\t\t\t\t\t<\/div>\n\t\t<\/section>\n\t\t\t\t<section class=\"elementor-section elementor-top-section elementor-element elementor-element-3a68b01 elementor-section-full_width elementor-hidden-desktop elementor-hidden-tablet elementor-hidden-mobile elementor-section-height-default elementor-section-height-default qodef-elementor-content-no\" data-id=\"3a68b01\" data-element_type=\"section\">\n\t\t\t\t\t\t<div class=\"elementor-container elementor-column-gap-no\">\n\t\t\t\t\t<div class=\"elementor-column elementor-col-100 elementor-top-column elementor-element elementor-element-b9570d2\" data-id=\"b9570d2\" data-element_type=\"column\">\n\t\t\t<div class=\"elementor-widget-wrap elementor-element-populated\">\n\t\t\t\t\t\t\t\t<div class=\"elementor-element elementor-element-a82c265 elementor-widget elementor-widget-mevoy_core_clients_list\" data-id=\"a82c265\" data-element_type=\"widget\" data-widget_type=\"mevoy_core_clients_list.default\">\n\t\t\t\t<div class=\"elementor-widget-container\">\n\t\t\t<div class=\"qodef-shortcode qodef-m  qodef-clients-list qodef-grid qodef-swiper-container   qodef-gutter--normal qodef-col-num--6 qodef-item-layout--image-only qodef-responsive--predefined qodef-hover-animation--fade-in\" data-options=\"{&quot;effect&quot;:&quot;slide&quot;,&quot;sliderScroll&quot;:false,&quot;sliderScrollOverride&quot;:false,&quot;freeMode&quot;:false,&quot;slidesPerView&quot;:&quot;6&quot;,&quot;spaceBetween&quot;:30,&quot;loop&quot;:true,&quot;autoplay&quot;:true,&quot;speed&quot;:&quot;&quot;,&quot;speedAnimation&quot;:&quot;&quot;}\">\n\t<div class=\"swiper-wrapper\">\n\t\t<span class=\"qodef-e swiper-slide\">\n\t<span class=\"qodef-e-inner\">\n\t\t\t<span class=\"qodef-e-image\">\n\t\t\t\t\t<a itemprop=\"url\" href=\"#\" target=\"_blank\">\n\t\t\t\t\t\t\t<span class=\"qodef-e-logo\">\n\t\t\t\t<img decoding=\"async\" width=\"190\" height=\"80\" src=\"https:\/\/keymuseum.com\/wp-content\/uploads\/2020\/08\/RollsRoyce-Gri.png\" class=\"attachment-full size-full\" alt=\"\" \/>\t\t\t<\/span>\n\t\t\t\t\t\t\t<span class=\"qodef-e-hover-logo\">\n\t\t\t\t<img decoding=\"async\" width=\"190\" height=\"80\" src=\"https:\/\/keymuseum.com\/wp-content\/uploads\/2020\/08\/RollsRoyce-Renkli.png\" class=\"attachment-full size-full\" alt=\"\" \/>\t\t\t<\/span>\n\t\t\t\t\t\t\t<\/a>\n\t\t\t<\/span>\n\t<\/span>\n<\/span><span class=\"qodef-e swiper-slide\">\n\t<span class=\"qodef-e-inner\">\n\t\t\t<span class=\"qodef-e-image\">\n\t\t\t\t\t<a itemprop=\"url\" href=\"#\" target=\"_blank\">\n\t\t\t\t\t\t\t<span class=\"qodef-e-logo\">\n\t\t\t\t<img decoding=\"async\" width=\"190\" height=\"80\" src=\"https:\/\/keymuseum.com\/wp-content\/uploads\/2020\/08\/Porsche-Gri.png\" class=\"attachment-full size-full\" alt=\"\" \/>\t\t\t<\/span>\n\t\t\t\t\t\t\t<span class=\"qodef-e-hover-logo\">\n\t\t\t\t<img decoding=\"async\" width=\"190\" height=\"80\" src=\"https:\/\/keymuseum.com\/wp-content\/uploads\/2020\/08\/Porsche-Renkli.png\" class=\"attachment-full size-full\" alt=\"\" \/>\t\t\t<\/span>\n\t\t\t\t\t\t\t<\/a>\n\t\t\t<\/span>\n\t<\/span>\n<\/span><span class=\"qodef-e swiper-slide\">\n\t<span class=\"qodef-e-inner\">\n\t\t\t<span class=\"qodef-e-image\">\n\t\t\t\t\t<a itemprop=\"url\" href=\"#\" target=\"_blank\">\n\t\t\t\t\t\t\t<span class=\"qodef-e-logo\">\n\t\t\t\t<img decoding=\"async\" width=\"190\" height=\"80\" src=\"https:\/\/keymuseum.com\/wp-content\/uploads\/2020\/08\/MercedesBenz-Gri.png\" class=\"attachment-full size-full\" alt=\"\" \/>\t\t\t<\/span>\n\t\t\t\t\t\t\t<span class=\"qodef-e-hover-logo\">\n\t\t\t\t<img decoding=\"async\" width=\"190\" height=\"80\" src=\"https:\/\/keymuseum.com\/wp-content\/uploads\/2020\/08\/MercedesBenz-Renkli.png\" class=\"attachment-full size-full\" alt=\"\" \/>\t\t\t<\/span>\n\t\t\t\t\t\t\t<\/a>\n\t\t\t<\/span>\n\t<\/span>\n<\/span><span class=\"qodef-e swiper-slide\">\n\t<span class=\"qodef-e-inner\">\n\t\t\t<span class=\"qodef-e-image\">\n\t\t\t\t\t<a itemprop=\"url\" href=\"#\" target=\"_blank\">\n\t\t\t\t\t\t\t<span class=\"qodef-e-logo\">\n\t\t\t\t<img decoding=\"async\" width=\"190\" height=\"80\" src=\"https:\/\/keymuseum.com\/wp-content\/uploads\/2020\/08\/Ford-Gri.png\" class=\"attachment-full size-full\" alt=\"\" \/>\t\t\t<\/span>\n\t\t\t\t\t\t\t<span class=\"qodef-e-hover-logo\">\n\t\t\t\t<img decoding=\"async\" width=\"190\" height=\"80\" src=\"https:\/\/keymuseum.com\/wp-content\/uploads\/2020\/08\/Ford-Renkli.png\" class=\"attachment-full size-full\" alt=\"\" \/>\t\t\t<\/span>\n\t\t\t\t\t\t\t<\/a>\n\t\t\t<\/span>\n\t<\/span>\n<\/span><span class=\"qodef-e swiper-slide\">\n\t<span class=\"qodef-e-inner\">\n\t\t\t<span class=\"qodef-e-image\">\n\t\t\t\t\t<a itemprop=\"url\" href=\"#\" target=\"_blank\">\n\t\t\t\t\t\t\t<span class=\"qodef-e-logo\">\n\t\t\t\t<img decoding=\"async\" width=\"190\" height=\"80\" src=\"https:\/\/keymuseum.com\/wp-content\/uploads\/2020\/08\/Chevrolet-Gri.png\" class=\"attachment-full size-full\" alt=\"\" \/>\t\t\t<\/span>\n\t\t\t\t\t\t\t<span class=\"qodef-e-hover-logo\">\n\t\t\t\t<img decoding=\"async\" width=\"190\" height=\"80\" src=\"https:\/\/keymuseum.com\/wp-content\/uploads\/2020\/08\/Chevrolet-Renkli.png\" class=\"attachment-full size-full\" alt=\"\" \/>\t\t\t<\/span>\n\t\t\t\t\t\t\t<\/a>\n\t\t\t<\/span>\n\t<\/span>\n<\/span><span class=\"qodef-e swiper-slide\">\n\t<span class=\"qodef-e-inner\">\n\t\t\t<span class=\"qodef-e-image\">\n\t\t\t\t\t<a itemprop=\"url\" href=\"#\" target=\"_blank\">\n\t\t\t\t\t\t\t<span class=\"qodef-e-logo\">\n\t\t\t\t<img decoding=\"async\" width=\"190\" height=\"80\" src=\"https:\/\/keymuseum.com\/wp-content\/uploads\/2020\/08\/Cadillac-Gri.png\" class=\"attachment-full size-full\" alt=\"\" \/>\t\t\t<\/span>\n\t\t\t\t\t\t\t<span class=\"qodef-e-hover-logo\">\n\t\t\t\t<img decoding=\"async\" width=\"380\" height=\"160\" src=\"https:\/\/keymuseum.com\/wp-content\/uploads\/2020\/08\/Cadillac-Renkli.png\" class=\"attachment-full size-full\" alt=\"\" srcset=\"https:\/\/keymuseum.com\/wp-content\/uploads\/2020\/08\/Cadillac-Renkli.png 380w, https:\/\/keymuseum.com\/wp-content\/uploads\/2020\/08\/Cadillac-Renkli-300x126.png 300w\" sizes=\"(max-width: 380px) 100vw, 380px\" \/>\t\t\t<\/span>\n\t\t\t\t\t\t\t<\/a>\n\t\t\t<\/span>\n\t<\/span>\n<\/span><span class=\"qodef-e swiper-slide\">\n\t<span class=\"qodef-e-inner\">\n\t\t\t<span class=\"qodef-e-image\">\n\t\t\t\t\t<a itemprop=\"url\" href=\"#\" target=\"_blank\">\n\t\t\t\t\t\t\t<span class=\"qodef-e-logo\">\n\t\t\t\t<img decoding=\"async\" width=\"190\" height=\"80\" src=\"https:\/\/keymuseum.com\/wp-content\/uploads\/2020\/08\/Bmw-Gri.png\" class=\"attachment-full size-full\" alt=\"\" \/>\t\t\t<\/span>\n\t\t\t\t\t\t\t<span class=\"qodef-e-hover-logo\">\n\t\t\t\t<img decoding=\"async\" width=\"190\" height=\"80\" src=\"https:\/\/keymuseum.com\/wp-content\/uploads\/2020\/08\/Bmw-Renkli.png\" class=\"attachment-full size-full\" alt=\"\" \/>\t\t\t<\/span>\n\t\t\t\t\t\t\t<\/a>\n\t\t\t<\/span>\n\t<\/span>\n<\/span><span class=\"qodef-e swiper-slide\">\n\t<span class=\"qodef-e-inner\">\n\t\t\t<span class=\"qodef-e-image\">\n\t\t\t\t\t<a itemprop=\"url\" href=\"#\" target=\"_blank\">\n\t\t\t\t\t\t\t<span class=\"qodef-e-logo\">\n\t\t\t\t<img decoding=\"async\" width=\"190\" height=\"80\" src=\"https:\/\/keymuseum.com\/wp-content\/uploads\/2020\/08\/AlfaRomeo-Gri.png\" class=\"attachment-full size-full\" alt=\"\" \/>\t\t\t<\/span>\n\t\t\t\t\t\t\t<span class=\"qodef-e-hover-logo\">\n\t\t\t\t<img decoding=\"async\" width=\"190\" height=\"80\" src=\"https:\/\/keymuseum.com\/wp-content\/uploads\/2020\/08\/AlfaRomeo-Renkli.png\" class=\"attachment-full size-full\" alt=\"\" \/>\t\t\t<\/span>\n\t\t\t\t\t\t\t<\/a>\n\t\t\t<\/span>\n\t<\/span>\n<\/span>\t<\/div>\n\t\t<\/div>\t\t<\/div>\n\t\t\t\t<\/div>\n\t\t\t\t\t<\/div>\n\t\t<\/div>\n\t\t\t\t\t\t\t<\/div>\n\t\t<\/section>\n\t\t\t\t<section class=\"elementor-section elementor-top-section elementor-element elementor-element-6c26b0e qodef-elementor-content-grid elementor-section-boxed elementor-section-height-default elementor-section-height-default\" data-id=\"6c26b0e\" data-element_type=\"section\">\n\t\t\t\t\t\t<div class=\"elementor-container elementor-column-gap-default\">\n\t\t\t\t\t<div class=\"elementor-column elementor-col-100 elementor-top-column elementor-element elementor-element-cbfdb66\" data-id=\"cbfdb66\" data-element_type=\"column\">\n\t\t\t<div class=\"elementor-widget-wrap elementor-element-populated\">\n\t\t\t\t\t\t\t\t<div class=\"elementor-element elementor-element-cbe5d11 elementor-widget elementor-widget-spacer\" data-id=\"cbe5d11\" data-element_type=\"widget\" data-widget_type=\"spacer.default\">\n\t\t\t\t<div class=\"elementor-widget-container\">\n\t\t\t<style>\/*! elementor - v3.15.0 - 09-08-2023 *\/\n.elementor-column .elementor-spacer-inner{height:var(--spacer-size)}.e-con{--container-widget-width:100%}.e-con-inner>.elementor-widget-spacer,.e-con>.elementor-widget-spacer{width:var(--container-widget-width,var(--spacer-size));--align-self:var(--container-widget-align-self,initial);--flex-shrink:0}.e-con-inner>.elementor-widget-spacer>.elementor-widget-container,.e-con-inner>.elementor-widget-spacer>.elementor-widget-container>.elementor-spacer,.e-con>.elementor-widget-spacer>.elementor-widget-container,.e-con>.elementor-widget-spacer>.elementor-widget-container>.elementor-spacer{height:100%}.e-con-inner>.elementor-widget-spacer>.elementor-widget-container>.elementor-spacer>.elementor-spacer-inner,.e-con>.elementor-widget-spacer>.elementor-widget-container>.elementor-spacer>.elementor-spacer-inner{height:var(--container-widget-height,var(--spacer-size))}<\/style>\t\t<div class=\"elementor-spacer\">\n\t\t\t<div class=\"elementor-spacer-inner\"><\/div>\n\t\t<\/div>\n\t\t\t\t<\/div>\n\t\t\t\t<\/div>\n\t\t\t\t<div class=\"elementor-element elementor-element-a0e8976 elementor-widget elementor-widget-heading\" data-id=\"a0e8976\" data-element_type=\"widget\" data-widget_type=\"heading.default\">\n\t\t\t\t<div class=\"elementor-widget-container\">\n\t\t\t<style>\/*! elementor - v3.15.0 - 09-08-2023 *\/\n.elementor-heading-title{padding:0;margin:0;line-height:1}.elementor-widget-heading .elementor-heading-title[class*=elementor-size-]>a{color:inherit;font-size:inherit;line-height:inherit}.elementor-widget-heading .elementor-heading-title.elementor-size-small{font-size:15px}.elementor-widget-heading .elementor-heading-title.elementor-size-medium{font-size:19px}.elementor-widget-heading .elementor-heading-title.elementor-size-large{font-size:29px}.elementor-widget-heading .elementor-heading-title.elementor-size-xl{font-size:39px}.elementor-widget-heading .elementor-heading-title.elementor-size-xxl{font-size:59px}<\/style><h3 class=\"elementor-heading-title elementor-size-default\">T\u00fcrkiye\u2019nin En Kapsaml\u0131 Otomobil ve Motosiklet M\u00fczesi: Key Museum<\/h3>\t\t<\/div>\n\t\t\t\t<\/div>\n\t\t\t\t<div class=\"elementor-element elementor-element-27f57d0 elementor-widget elementor-widget-text-editor\" data-id=\"27f57d0\" data-element_type=\"widget\" data-widget_type=\"text-editor.default\">\n\t\t\t\t<div class=\"elementor-widget-container\">\n\t\t\t\t\t\t\t<p>2015 y\u0131l\u0131nda \u0130zmir\u2019in Torbal\u0131 il\u00e7esinde kap\u0131lar\u0131n\u0131 a\u00e7an Key Museum, bug\u00fcn d\u00fcnya otomobil tarihine \u0131\u015f\u0131k tutan, T\u00fcrkiye\u2019nin en kapsaml\u0131 klasik otomobil ve motosiklet m\u00fczesidir. Murat ve Selim \u00d6zg\u00f6rkey\u2019in otomobil tutkular\u0131ndan do\u011fan, 7000 metrekare alan \u00fczerine kurulu olan m\u00fczenin ana koleksiyonunu 89 adet otomobil ve 46 adet motosiklet olu\u015fturmaktad\u0131r. Bu ana koleksiyonda, 1886 y\u0131l\u0131nda \u00fcretilen ilk otomobilden bug\u00fcne, Mercedes, BMW, Porsche, Cadillac, Ford gibi otomobil d\u00fcnyas\u0131n\u0131n \u00f6nde gelen markalar\u0131n ilk modellerinin g\u00fcn\u00fcm\u00fcze kadarki yolculuklar\u0131n\u0131 g\u00f6rmek m\u00fcmk\u00fcn. Bunlar\u0131n d\u0131\u015f\u0131nda say\u0131s\u0131 iki bini a\u015fan farkl\u0131 \u00f6l\u00e7eklerde model otomobil, 300\u2019\u00fcn \u00fczerinde otomobil maskotu (kaput amblemi), otomobil temal\u0131 e\u015farplar ve 1900\u2019l\u00fc y\u0131llar\u0131n ba\u015f\u0131ndan 1960&#8217;l\u0131 y\u0131llara kadar toplanan orijinal ekipmanlar ile olu\u015fturulmu\u015f bir Shell Benzin istasyonu Key Museum\u2019da bulunmaktad\u0131r.<\/p>\t\t\t\t\t\t<\/div>\n\t\t\t\t<\/div>\n\t\t\t\t\t<\/div>\n\t\t<\/div>\n\t\t\t\t\t\t\t<\/div>\n\t\t<\/section>\n\t\t\t\t<section class=\"elementor-section elementor-top-section elementor-element elementor-element-8a0e09e qodef-elementor-content-grid elementor-section-boxed elementor-section-height-default elementor-section-height-default\" data-id=\"8a0e09e\" data-element_type=\"section\">\n\t\t\t\t\t\t<div class=\"elementor-container elementor-column-gap-default\">\n\t\t\t\t\t<div class=\"elementor-column elementor-col-100 elementor-top-column elementor-element elementor-element-8d8532b\" data-id=\"8d8532b\" data-element_type=\"column\">\n\t\t\t<div class=\"elementor-widget-wrap elementor-element-populated\">\n\t\t\t\t\t\t\t\t<div class=\"elementor-element elementor-element-8ea2ab1 elementor-widget elementor-widget-text-editor\" data-id=\"8ea2ab1\" data-element_type=\"widget\" data-widget_type=\"text-editor.default\">\n\t\t\t\t<div class=\"elementor-widget-container\">\n\t\t\t\t\t\t\t<p>\u00c7ocukluk y\u0131llar\u0131nda kibrit kutusu biriktirerek ba\u015flayan, 90\u2019l\u0131 y\u0131llarda da model otomobil ile devam eden merak\u0131n\u0131, zamanla koleksiyonerli\u011fe ta\u015f\u0131yan Murat \u00d6zg\u00f6rkey ve motor sporlar\u0131na olan tutkusu ile bir d\u00f6nem yar\u0131\u015f pistlerinde de yer alm\u0131\u015f bir ralli pilotu olan Selim \u00d6zg\u00f6rkey, 2001 y\u0131l\u0131nda Key Museum\u2019da yer alan par\u00e7alar\u0131 edinmeye ba\u015flam\u0131\u015f ve her g\u00fcn daha da b\u00fcy\u00fcyen bir koleksiyona imza atm\u0131\u015flard\u0131r. M\u00fcze, kuruldu\u011fu g\u00fcnden bu yana, sadece otomobil tutkunlar\u0131 i\u00e7in de\u011fil, d\u00fcnya tarihini otomobil d\u00fcnyas\u0131 \u00fczerinden izlemek isteyenler i\u00e7in de bir \u00e7ekim merkezi olma misyonu ile \u00e7al\u0131\u015fmalar\u0131n\u0131 s\u00fcrd\u00fcrmektedir. Hem i\u00e7erik hem de sergi alan\u0131 b\u00fcy\u00fckl\u00fc\u011f\u00fcyle d\u00fcnyada say\u0131l\u0131 otomobil m\u00fczeleri aras\u0131nda olan, bir koleksiyonda mutlaka olmas\u0131 gereken, d\u00fcnya tarihinde yer etmi\u015f modelleri bar\u0131nd\u0131ran bir m\u00fczedir. D\u00fcnya m\u00fczecili\u011fi i\u00e7in \u00f6nemli bir konumda bulunan Key Museum, de\u011fi\u015fim ve geli\u015fim i\u00e7inde olan T\u00fcrkiye M\u00fczecili\u011fi i\u00e7in de ciddi bir birikim ve i\u00e7eri\u011fe sahiptir.<\/p>\t\t\t\t\t\t<\/div>\n\t\t\t\t<\/div>\n\t\t\t\t\t<\/div>\n\t\t<\/div>\n\t\t\t\t\t\t\t<\/div>\n\t\t<\/section>\n\t\t\t\t<section class=\"elementor-section elementor-top-section elementor-element elementor-element-76ac297 qodef-elementor-content-grid elementor-section-boxed elementor-section-height-default elementor-section-height-default\" data-id=\"76ac297\" data-element_type=\"section\">\n\t\t\t\t\t\t<div class=\"elementor-container elementor-column-gap-default\">\n\t\t\t\t\t<div class=\"elementor-column elementor-col-100 elementor-top-column elementor-element elementor-element-d1f30fc\" data-id=\"d1f30fc\" data-element_type=\"column\">\n\t\t\t<div class=\"elementor-widget-wrap elementor-element-populated\">\n\t\t\t\t\t\t\t\t<div class=\"elementor-element elementor-element-0a96055 elementor-widget__width-initial elementor-widget elementor-widget-text-editor\" data-id=\"0a96055\" data-element_type=\"widget\" data-widget_type=\"text-editor.default\">\n\t\t\t\t<div class=\"elementor-widget-container\">\n\t\t\t\t\t\t\t<p>Ege B\u00f6lgesi&#8217;nin turizm potansiyeli d\u00fc\u015f\u00fcn\u00fcld\u00fc\u011f\u00fcnde b\u00f6lgeye \u00f6nemli bir katma de\u011fer sa\u011flayan m\u00fcze, Efes Antik Kenti ile ayn\u0131 rota \u00fczerinde konumlanm\u0131\u015ft\u0131r. Bu konum, ayn\u0131 zamanda Metropolis Antik Kenti\u2019nin bulundu\u011fu Torbal\u0131\u2019ya 10 km mesafede yer al\u0131r. \u0130zmir Adnan Menderes Havaliman\u0131\u2019ndan 20-25 dakika, \u0130zmir \u015fehir merkezinden ise 30 dakika gibi k\u0131sa bir s\u00fcrede ula\u015f\u0131lmas\u0131 da m\u00fczenin bir di\u011fer avantaj\u0131d\u0131r. M\u00fcze, a\u00e7\u0131ld\u0131\u011f\u0131 g\u00fcnden bu yana, hem T\u00fcrkiye\u2019den hem de yurt d\u0131\u015f\u0131ndan on binlerce ziyaret\u00e7i i\u00e7in \u00f6nemli bir gezi noktas\u0131 olmu\u015ftur. M\u00fcze deneyimi konusunda ziyaret\u00e7ilerden ald\u0131\u011f\u0131 olumlu geribildirimler sayesinde TripAdvisor taraf\u0131ndan 4 y\u0131l \u00fcst \u00fcste m\u00fckemmellik sertifikas\u0131 ile \u00f6d\u00fcllendirilmi\u015f olan Key Museum \u0130zmir&#8217;de gezilecek yerler listesinde \u00f6n s\u0131ralarda yer almaktad\u0131r.<\/p>\t\t\t\t\t\t<\/div>\n\t\t\t\t<\/div>\n\t\t\t\t\t<\/div>\n\t\t<\/div>\n\t\t\t\t\t\t\t<\/div>\n\t\t<\/section>\n\t\t\t\t\t\t\t<\/div>\n\t\t","protected":false},"excerpt":{"rendered":"<p>T\u00fcrkiye\u2019nin En Kapsaml\u0131 Otomobil ve Motosiklet M\u00fczesi: Key Museum 2015 y\u0131l\u0131nda \u0130zmir\u2019in Torbal\u0131 il\u00e7esinde kap\u0131lar\u0131n\u0131 a\u00e7an Key Museum, bug\u00fcn d\u00fcnya otomobil tarihine \u0131\u015f\u0131k tutan, T\u00fcrkiye\u2019nin en kapsaml\u0131 klasik otomobil ve motosiklet m\u00fczesidir. Murat ve Selim \u00d6zg\u00f6rkey\u2019in otomobil tutkular\u0131ndan do\u011fan, 7000 metrekare alan \u00fczerine kurulu olan m\u00fczenin ana koleksiyonunu 89 adet otomobil ve 46 adet motosiklet [&hellip;]<\/p>\n","protected":false},"author":1,"featured_media":0,"parent":0,"menu_order":0,"comment_status":"closed","ping_status":"closed","template":"page-full-width.php","meta":{"footnotes":""},"class_list":["post-1047","page","type-page","status-publish","hentry"],"_links":{"self":[{"href":"https:\/\/keymuseum.com\/tr\/wp-json\/wp\/v2\/pages\/1047","targetHints":{"allow":["GET"]}}],"collection":[{"href":"https:\/\/keymuseum.com\/tr\/wp-json\/wp\/v2\/pages"}],"about":[{"href":"https:\/\/keymuseum.com\/tr\/wp-json\/wp\/v2\/types\/page"}],"author":[{"embeddable":true,"href":"https:\/\/keymuseum.com\/tr\/wp-json\/wp\/v2\/users\/1"}],"replies":[{"embeddable":true,"href":"https:\/\/keymuseum.com\/tr\/wp-json\/wp\/v2\/comments?post=1047"}],"version-history":[{"count":113,"href":"https:\/\/keymuseum.com\/tr\/wp-json\/wp\/v2\/pages\/1047\/revisions"}],"predecessor-version":[{"id":8476,"href":"https:\/\/keymuseum.com\/tr\/wp-json\/wp\/v2\/pages\/1047\/revisions\/8476"}],"wp:attachment":[{"href":"https:\/\/keymuseum.com\/tr\/wp-json\/wp\/v2\/media?parent=1047"}],"curies":[{"name":"wp","href":"https:\/\/api.w.org\/{rel}","templated":true}]}}