{"id":1047,"date":"2021-10-02T13:25:12","date_gmt":"2021-10-02T13:25:12","guid":{"rendered":"https:\/\/mevoy.qodeinteractive.com\/?page_id=1047"},"modified":"2025-08-01T10:04:53","modified_gmt":"2025-08-01T10:04:53","slug":"hakkimizda","status":"publish","type":"page","link":"https:\/\/keymuseum.com\/en\/hakkimizda\/","title":{"rendered":"About Us"},"content":{"rendered":"<div data-elementor-type=\"wp-page\" data-elementor-id=\"1047\" class=\"elementor elementor-1047\">\n\t\t\t\t\t\t\t\t\t<section class=\"elementor-section elementor-top-section elementor-element elementor-element-c17173e elementor-section-full_width elementor-section-stretched elementor-section-height-default elementor-section-height-default qodef-elementor-content-no\" data-id=\"c17173e\" data-element_type=\"section\" data-settings=\"{&quot;background_background&quot;:&quot;classic&quot;,&quot;stretch_section&quot;:&quot;section-stretched&quot;}\">\n\t\t\t\t\t\t<div class=\"elementor-container elementor-column-gap-no\">\n\t\t\t\t\t<div class=\"elementor-column elementor-col-100 elementor-top-column elementor-element elementor-element-8c27b6c\" data-id=\"8c27b6c\" data-element_type=\"column\">\n\t\t\t<div class=\"elementor-widget-wrap elementor-element-populated\">\n\t\t\t\t\t\t\t\t<div class=\"elementor-element elementor-element-0e6d5c8 elementor-widget__width-initial elementor-widget elementor-widget-text-editor\" data-id=\"0e6d5c8\" data-element_type=\"widget\" data-widget_type=\"text-editor.default\">\n\t\t\t\t<div class=\"elementor-widget-container\">\n\t\t\t<style>\/*! elementor - v3.15.0 - 09-08-2023 *\/\n.elementor-widget-text-editor.elementor-drop-cap-view-stacked .elementor-drop-cap{background-color:#69727d;color:#fff}.elementor-widget-text-editor.elementor-drop-cap-view-framed .elementor-drop-cap{color:#69727d;border:3px solid;background-color:transparent}.elementor-widget-text-editor:not(.elementor-drop-cap-view-default) .elementor-drop-cap{margin-top:8px}.elementor-widget-text-editor:not(.elementor-drop-cap-view-default) .elementor-drop-cap-letter{width:1em;height:1em}.elementor-widget-text-editor .elementor-drop-cap{float:left;text-align:center;line-height:1;font-size:50px}.elementor-widget-text-editor .elementor-drop-cap-letter{display:inline-block}<\/style>\t\t\t\t<p style=\"line-height: 1.0em;\"><\/p>\t\t\t\t\t\t<\/div>\n\t\t\t\t<\/div>\n\t\t\t\t\t<\/div>\n\t\t<\/div>\n\t\t\t\t\t\t\t<\/div>\n\t\t<\/section>\n\t\t\t\t<section class=\"elementor-section elementor-top-section elementor-element elementor-element-3a68b01 elementor-section-full_width elementor-hidden-desktop elementor-hidden-tablet elementor-hidden-mobile elementor-section-height-default elementor-section-height-default qodef-elementor-content-no\" data-id=\"3a68b01\" data-element_type=\"section\">\n\t\t\t\t\t\t<div class=\"elementor-container elementor-column-gap-no\">\n\t\t\t\t\t<div class=\"elementor-column elementor-col-100 elementor-top-column elementor-element elementor-element-b9570d2\" data-id=\"b9570d2\" data-element_type=\"column\">\n\t\t\t<div class=\"elementor-widget-wrap elementor-element-populated\">\n\t\t\t\t\t\t\t\t<div class=\"elementor-element elementor-element-a82c265 elementor-widget elementor-widget-mevoy_core_clients_list\" data-id=\"a82c265\" data-element_type=\"widget\" data-widget_type=\"mevoy_core_clients_list.default\">\n\t\t\t\t<div class=\"elementor-widget-container\">\n\t\t\t<div class=\"qodef-shortcode qodef-m  qodef-clients-list qodef-grid qodef-swiper-container   qodef-gutter--normal qodef-col-num--6 qodef-item-layout--image-only qodef-responsive--predefined qodef-hover-animation--fade-in\" data-options=\"{&quot;effect&quot;:&quot;slide&quot;,&quot;sliderScroll&quot;:false,&quot;sliderScrollOverride&quot;:false,&quot;freeMode&quot;:false,&quot;slidesPerView&quot;:&quot;6&quot;,&quot;spaceBetween&quot;:30,&quot;loop&quot;:true,&quot;autoplay&quot;:true,&quot;speed&quot;:&quot;&quot;,&quot;speedAnimation&quot;:&quot;&quot;}\">\n\t<div class=\"swiper-wrapper\">\n\t\t<span class=\"qodef-e swiper-slide\">\n\t<span class=\"qodef-e-inner\">\n\t\t\t<span class=\"qodef-e-image\">\n\t\t\t\t\t<a itemprop=\"url\" href=\"#\" target=\"_blank\">\n\t\t\t\t\t\t\t<span class=\"qodef-e-logo\">\n\t\t\t\t<img decoding=\"async\" width=\"190\" height=\"80\" src=\"https:\/\/keymuseum.com\/wp-content\/uploads\/2020\/08\/RollsRoyce-Gri.png\" class=\"attachment-full size-full\" alt=\"\" \/>\t\t\t<\/span>\n\t\t\t\t\t\t\t<span class=\"qodef-e-hover-logo\">\n\t\t\t\t<img decoding=\"async\" width=\"190\" height=\"80\" src=\"https:\/\/keymuseum.com\/wp-content\/uploads\/2020\/08\/RollsRoyce-Renkli.png\" class=\"attachment-full size-full\" alt=\"\" \/>\t\t\t<\/span>\n\t\t\t\t\t\t\t<\/a>\n\t\t\t<\/span>\n\t<\/span>\n<\/span><span class=\"qodef-e swiper-slide\">\n\t<span class=\"qodef-e-inner\">\n\t\t\t<span class=\"qodef-e-image\">\n\t\t\t\t\t<a itemprop=\"url\" href=\"#\" target=\"_blank\">\n\t\t\t\t\t\t\t<span class=\"qodef-e-logo\">\n\t\t\t\t<img decoding=\"async\" width=\"190\" height=\"80\" src=\"https:\/\/keymuseum.com\/wp-content\/uploads\/2020\/08\/Porsche-Gri.png\" class=\"attachment-full size-full\" alt=\"\" \/>\t\t\t<\/span>\n\t\t\t\t\t\t\t<span class=\"qodef-e-hover-logo\">\n\t\t\t\t<img decoding=\"async\" width=\"190\" height=\"80\" src=\"https:\/\/keymuseum.com\/wp-content\/uploads\/2020\/08\/Porsche-Renkli.png\" class=\"attachment-full size-full\" alt=\"\" \/>\t\t\t<\/span>\n\t\t\t\t\t\t\t<\/a>\n\t\t\t<\/span>\n\t<\/span>\n<\/span><span class=\"qodef-e swiper-slide\">\n\t<span class=\"qodef-e-inner\">\n\t\t\t<span class=\"qodef-e-image\">\n\t\t\t\t\t<a itemprop=\"url\" href=\"#\" target=\"_blank\">\n\t\t\t\t\t\t\t<span class=\"qodef-e-logo\">\n\t\t\t\t<img decoding=\"async\" width=\"190\" height=\"80\" src=\"https:\/\/keymuseum.com\/wp-content\/uploads\/2020\/08\/MercedesBenz-Gri.png\" class=\"attachment-full size-full\" alt=\"\" \/>\t\t\t<\/span>\n\t\t\t\t\t\t\t<span class=\"qodef-e-hover-logo\">\n\t\t\t\t<img decoding=\"async\" width=\"190\" height=\"80\" src=\"https:\/\/keymuseum.com\/wp-content\/uploads\/2020\/08\/MercedesBenz-Renkli.png\" class=\"attachment-full size-full\" alt=\"\" \/>\t\t\t<\/span>\n\t\t\t\t\t\t\t<\/a>\n\t\t\t<\/span>\n\t<\/span>\n<\/span><span class=\"qodef-e swiper-slide\">\n\t<span class=\"qodef-e-inner\">\n\t\t\t<span class=\"qodef-e-image\">\n\t\t\t\t\t<a itemprop=\"url\" href=\"#\" target=\"_blank\">\n\t\t\t\t\t\t\t<span class=\"qodef-e-logo\">\n\t\t\t\t<img decoding=\"async\" width=\"190\" height=\"80\" src=\"https:\/\/keymuseum.com\/wp-content\/uploads\/2020\/08\/Ford-Gri.png\" class=\"attachment-full size-full\" alt=\"\" \/>\t\t\t<\/span>\n\t\t\t\t\t\t\t<span class=\"qodef-e-hover-logo\">\n\t\t\t\t<img decoding=\"async\" width=\"190\" height=\"80\" src=\"https:\/\/keymuseum.com\/wp-content\/uploads\/2020\/08\/Ford-Renkli.png\" class=\"attachment-full size-full\" alt=\"\" \/>\t\t\t<\/span>\n\t\t\t\t\t\t\t<\/a>\n\t\t\t<\/span>\n\t<\/span>\n<\/span><span class=\"qodef-e swiper-slide\">\n\t<span class=\"qodef-e-inner\">\n\t\t\t<span class=\"qodef-e-image\">\n\t\t\t\t\t<a itemprop=\"url\" href=\"#\" target=\"_blank\">\n\t\t\t\t\t\t\t<span class=\"qodef-e-logo\">\n\t\t\t\t<img decoding=\"async\" width=\"190\" height=\"80\" src=\"https:\/\/keymuseum.com\/wp-content\/uploads\/2020\/08\/Chevrolet-Gri.png\" class=\"attachment-full size-full\" alt=\"\" \/>\t\t\t<\/span>\n\t\t\t\t\t\t\t<span class=\"qodef-e-hover-logo\">\n\t\t\t\t<img decoding=\"async\" width=\"190\" height=\"80\" src=\"https:\/\/keymuseum.com\/wp-content\/uploads\/2020\/08\/Chevrolet-Renkli.png\" class=\"attachment-full size-full\" alt=\"\" \/>\t\t\t<\/span>\n\t\t\t\t\t\t\t<\/a>\n\t\t\t<\/span>\n\t<\/span>\n<\/span><span class=\"qodef-e swiper-slide\">\n\t<span class=\"qodef-e-inner\">\n\t\t\t<span class=\"qodef-e-image\">\n\t\t\t\t\t<a itemprop=\"url\" href=\"#\" target=\"_blank\">\n\t\t\t\t\t\t\t<span class=\"qodef-e-logo\">\n\t\t\t\t<img decoding=\"async\" width=\"190\" height=\"80\" src=\"https:\/\/keymuseum.com\/wp-content\/uploads\/2020\/08\/Cadillac-Gri.png\" class=\"attachment-full size-full\" alt=\"\" \/>\t\t\t<\/span>\n\t\t\t\t\t\t\t<span class=\"qodef-e-hover-logo\">\n\t\t\t\t<img decoding=\"async\" width=\"380\" height=\"160\" src=\"https:\/\/keymuseum.com\/wp-content\/uploads\/2020\/08\/Cadillac-Renkli.png\" class=\"attachment-full size-full\" alt=\"\" srcset=\"https:\/\/keymuseum.com\/wp-content\/uploads\/2020\/08\/Cadillac-Renkli.png 380w, https:\/\/keymuseum.com\/wp-content\/uploads\/2020\/08\/Cadillac-Renkli-300x126.png 300w\" sizes=\"(max-width: 380px) 100vw, 380px\" \/>\t\t\t<\/span>\n\t\t\t\t\t\t\t<\/a>\n\t\t\t<\/span>\n\t<\/span>\n<\/span><span class=\"qodef-e swiper-slide\">\n\t<span class=\"qodef-e-inner\">\n\t\t\t<span class=\"qodef-e-image\">\n\t\t\t\t\t<a itemprop=\"url\" href=\"#\" target=\"_blank\">\n\t\t\t\t\t\t\t<span class=\"qodef-e-logo\">\n\t\t\t\t<img decoding=\"async\" width=\"190\" height=\"80\" src=\"https:\/\/keymuseum.com\/wp-content\/uploads\/2020\/08\/Bmw-Gri.png\" class=\"attachment-full size-full\" alt=\"\" \/>\t\t\t<\/span>\n\t\t\t\t\t\t\t<span class=\"qodef-e-hover-logo\">\n\t\t\t\t<img decoding=\"async\" width=\"190\" height=\"80\" src=\"https:\/\/keymuseum.com\/wp-content\/uploads\/2020\/08\/Bmw-Renkli.png\" class=\"attachment-full size-full\" alt=\"\" \/>\t\t\t<\/span>\n\t\t\t\t\t\t\t<\/a>\n\t\t\t<\/span>\n\t<\/span>\n<\/span><span class=\"qodef-e swiper-slide\">\n\t<span class=\"qodef-e-inner\">\n\t\t\t<span class=\"qodef-e-image\">\n\t\t\t\t\t<a itemprop=\"url\" href=\"#\" target=\"_blank\">\n\t\t\t\t\t\t\t<span class=\"qodef-e-logo\">\n\t\t\t\t<img decoding=\"async\" width=\"190\" height=\"80\" src=\"https:\/\/keymuseum.com\/wp-content\/uploads\/2020\/08\/AlfaRomeo-Gri.png\" class=\"attachment-full size-full\" alt=\"\" \/>\t\t\t<\/span>\n\t\t\t\t\t\t\t<span class=\"qodef-e-hover-logo\">\n\t\t\t\t<img decoding=\"async\" width=\"190\" height=\"80\" src=\"https:\/\/keymuseum.com\/wp-content\/uploads\/2020\/08\/AlfaRomeo-Renkli.png\" class=\"attachment-full size-full\" alt=\"\" \/>\t\t\t<\/span>\n\t\t\t\t\t\t\t<\/a>\n\t\t\t<\/span>\n\t<\/span>\n<\/span>\t<\/div>\n\t\t<\/div>\t\t<\/div>\n\t\t\t\t<\/div>\n\t\t\t\t\t<\/div>\n\t\t<\/div>\n\t\t\t\t\t\t\t<\/div>\n\t\t<\/section>\n\t\t\t\t<section class=\"elementor-section elementor-top-section elementor-element elementor-element-6c26b0e qodef-elementor-content-grid elementor-section-boxed elementor-section-height-default elementor-section-height-default\" data-id=\"6c26b0e\" data-element_type=\"section\">\n\t\t\t\t\t\t<div class=\"elementor-container elementor-column-gap-default\">\n\t\t\t\t\t<div class=\"elementor-column elementor-col-100 elementor-top-column elementor-element elementor-element-cbfdb66\" data-id=\"cbfdb66\" data-element_type=\"column\">\n\t\t\t<div class=\"elementor-widget-wrap elementor-element-populated\">\n\t\t\t\t\t\t\t\t<div class=\"elementor-element elementor-element-cbe5d11 elementor-widget elementor-widget-spacer\" data-id=\"cbe5d11\" data-element_type=\"widget\" data-widget_type=\"spacer.default\">\n\t\t\t\t<div class=\"elementor-widget-container\">\n\t\t\t<style>\/*! elementor - v3.15.0 - 09-08-2023 *\/\n.elementor-column .elementor-spacer-inner{height:var(--spacer-size)}.e-con{--container-widget-width:100%}.e-con-inner>.elementor-widget-spacer,.e-con>.elementor-widget-spacer{width:var(--container-widget-width,var(--spacer-size));--align-self:var(--container-widget-align-self,initial);--flex-shrink:0}.e-con-inner>.elementor-widget-spacer>.elementor-widget-container,.e-con-inner>.elementor-widget-spacer>.elementor-widget-container>.elementor-spacer,.e-con>.elementor-widget-spacer>.elementor-widget-container,.e-con>.elementor-widget-spacer>.elementor-widget-container>.elementor-spacer{height:100%}.e-con-inner>.elementor-widget-spacer>.elementor-widget-container>.elementor-spacer>.elementor-spacer-inner,.e-con>.elementor-widget-spacer>.elementor-widget-container>.elementor-spacer>.elementor-spacer-inner{height:var(--container-widget-height,var(--spacer-size))}<\/style>\t\t<div class=\"elementor-spacer\">\n\t\t\t<div class=\"elementor-spacer-inner\"><\/div>\n\t\t<\/div>\n\t\t\t\t<\/div>\n\t\t\t\t<\/div>\n\t\t\t\t<div class=\"elementor-element elementor-element-a0e8976 elementor-widget elementor-widget-heading\" data-id=\"a0e8976\" data-element_type=\"widget\" data-widget_type=\"heading.default\">\n\t\t\t\t<div class=\"elementor-widget-container\">\n\t\t\t<style>\/*! elementor - v3.15.0 - 09-08-2023 *\/\n.elementor-heading-title{padding:0;margin:0;line-height:1}.elementor-widget-heading .elementor-heading-title[class*=elementor-size-]>a{color:inherit;font-size:inherit;line-height:inherit}.elementor-widget-heading .elementor-heading-title.elementor-size-small{font-size:15px}.elementor-widget-heading .elementor-heading-title.elementor-size-medium{font-size:19px}.elementor-widget-heading .elementor-heading-title.elementor-size-large{font-size:29px}.elementor-widget-heading .elementor-heading-title.elementor-size-xl{font-size:39px}.elementor-widget-heading .elementor-heading-title.elementor-size-xxl{font-size:59px}<\/style><h3 class=\"elementor-heading-title elementor-size-default\">Turkey's Most Comprehensive Automobile and Motorcycle Museum: Key Museum<\/h3>\t\t<\/div>\n\t\t\t\t<\/div>\n\t\t\t\t<div class=\"elementor-element elementor-element-27f57d0 elementor-widget elementor-widget-text-editor\" data-id=\"27f57d0\" data-element_type=\"widget\" data-widget_type=\"text-editor.default\">\n\t\t\t\t<div class=\"elementor-widget-container\">\n\t\t\t\t\t\t\t<p>Opened in 2015 in the Torbal\u0131 district of \u0130zmir, Key Museum is now Turkey's most comprehensive museum of classic cars and motorcycles, shedding light on the history of the automobile worldwide. Born out of the passion for cars shared by Murat and Selim \u00d6zg\u00f6rkey, the museum covers an area of 7,000 square meters and its main collection consists of 89 cars and 46 motorcycles. In this main collection, visitors can trace the journey of the first models from leading automotive brands such as Mercedes, BMW, Porsche, Cadillac, and Ford, from the first automobile produced in 1886 to the present day. In addition to these, the museum houses over 2,000 model cars of various scales, more than 300 car mascots (hood ornaments), car-themed scarves, and an original Shell Gas Station constructed using equipment collected from the early 1900s to the 1960s.<\/p>\t\t\t\t\t\t<\/div>\n\t\t\t\t<\/div>\n\t\t\t\t\t<\/div>\n\t\t<\/div>\n\t\t\t\t\t\t\t<\/div>\n\t\t<\/section>\n\t\t\t\t<section class=\"elementor-section elementor-top-section elementor-element elementor-element-8a0e09e qodef-elementor-content-grid elementor-section-boxed elementor-section-height-default elementor-section-height-default\" data-id=\"8a0e09e\" data-element_type=\"section\">\n\t\t\t\t\t\t<div class=\"elementor-container elementor-column-gap-default\">\n\t\t\t\t\t<div class=\"elementor-column elementor-col-100 elementor-top-column elementor-element elementor-element-8d8532b\" data-id=\"8d8532b\" data-element_type=\"column\">\n\t\t\t<div class=\"elementor-widget-wrap elementor-element-populated\">\n\t\t\t\t\t\t\t\t<div class=\"elementor-element elementor-element-8ea2ab1 elementor-widget elementor-widget-text-editor\" data-id=\"8ea2ab1\" data-element_type=\"widget\" data-widget_type=\"text-editor.default\">\n\t\t\t\t<div class=\"elementor-widget-container\">\n\t\t\t\t\t\t\t<p>Murat \u00d6zg\u00f6rkey, who started collecting matchboxes as a child and continued his interest in model cars in the 90s, and became a collector over time, and Selim \u00d6zg\u00f6rkey, a rally driver who was also a racetrack driver with a passion for motorsports, started acquiring the pieces in Key Museum in 2001 and have built a collection that grows every day. Since its establishment, the museum has been working with the mission of being a center of attraction not only for automobile enthusiasts but also for those who want to trace the history of the world through the world of automobiles. It is one of the few automobile museums in the world in terms of both content and exhibition space, and houses models that are a must-have in a collection and have made a place in world history. Key Museum, which is in an important position for world museology, also has a serious accumulation and content for Turkish museology, which is in a period of change and development.<\/p>\t\t\t\t\t\t<\/div>\n\t\t\t\t<\/div>\n\t\t\t\t\t<\/div>\n\t\t<\/div>\n\t\t\t\t\t\t\t<\/div>\n\t\t<\/section>\n\t\t\t\t<section class=\"elementor-section elementor-top-section elementor-element elementor-element-76ac297 qodef-elementor-content-grid elementor-section-boxed elementor-section-height-default elementor-section-height-default\" data-id=\"76ac297\" data-element_type=\"section\">\n\t\t\t\t\t\t<div class=\"elementor-container elementor-column-gap-default\">\n\t\t\t\t\t<div class=\"elementor-column elementor-col-100 elementor-top-column elementor-element elementor-element-d1f30fc\" data-id=\"d1f30fc\" data-element_type=\"column\">\n\t\t\t<div class=\"elementor-widget-wrap elementor-element-populated\">\n\t\t\t\t\t\t\t\t<div class=\"elementor-element elementor-element-0a96055 elementor-widget__width-initial elementor-widget elementor-widget-text-editor\" data-id=\"0a96055\" data-element_type=\"widget\" data-widget_type=\"text-editor.default\">\n\t\t\t\t<div class=\"elementor-widget-container\">\n\t\t\t\t\t\t\t<p>Considering the tourism potential of the Aegean Region, the museum provides an important added value to the region and is located on the same route as the ancient city of Ephesus. This location is also 10 km from Torbal\u0131, where the ancient city of Metropolis is located. Another advantage of the museum is that it can be reached in 20-25 minutes from Izmir Adnan Menderes Airport and 30 minutes from Izmir city center. Since its opening, the museum has been an important travel destination for tens of thousands of visitors from both Turkey and abroad. Key Museum, which has been awarded the certificate of excellence by TripAdvisor for 4 consecutive years thanks to the positive feedback it has received from visitors about the museum experience, is at the forefront of the list of places to visit in Izmir.<\/p>\t\t\t\t\t\t<\/div>\n\t\t\t\t<\/div>\n\t\t\t\t\t<\/div>\n\t\t<\/div>\n\t\t\t\t\t\t\t<\/div>\n\t\t<\/section>\n\t\t\t\t\t\t\t<\/div>","protected":false},"excerpt":{"rendered":"<p>T\u00fcrkiye\u2019nin En Kapsaml\u0131 Otomobil ve Motosiklet M\u00fczesi: Key Museum 2015 y\u0131l\u0131nda \u0130zmir\u2019in Torbal\u0131 il\u00e7esinde kap\u0131lar\u0131n\u0131 a\u00e7an Key Museum, bug\u00fcn d\u00fcnya otomobil tarihine \u0131\u015f\u0131k tutan, T\u00fcrkiye\u2019nin en kapsaml\u0131 klasik otomobil ve motosiklet m\u00fczesidir. Murat ve Selim \u00d6zg\u00f6rkey\u2019in otomobil tutkular\u0131ndan do\u011fan, 7000 metrekare alan \u00fczerine kurulu olan m\u00fczenin ana koleksiyonunu 89 adet otomobil ve 46 adet motosiklet [&hellip;]<\/p>","protected":false},"author":1,"featured_media":0,"parent":0,"menu_order":0,"comment_status":"closed","ping_status":"closed","template":"page-full-width.php","meta":{"footnotes":""},"class_list":["post-1047","page","type-page","status-publish","hentry"],"_links":{"self":[{"href":"https:\/\/keymuseum.com\/en\/wp-json\/wp\/v2\/pages\/1047","targetHints":{"allow":["GET"]}}],"collection":[{"href":"https:\/\/keymuseum.com\/en\/wp-json\/wp\/v2\/pages"}],"about":[{"href":"https:\/\/keymuseum.com\/en\/wp-json\/wp\/v2\/types\/page"}],"author":[{"embeddable":true,"href":"https:\/\/keymuseum.com\/en\/wp-json\/wp\/v2\/users\/1"}],"replies":[{"embeddable":true,"href":"https:\/\/keymuseum.com\/en\/wp-json\/wp\/v2\/comments?post=1047"}],"version-history":[{"count":113,"href":"https:\/\/keymuseum.com\/en\/wp-json\/wp\/v2\/pages\/1047\/revisions"}],"predecessor-version":[{"id":8476,"href":"https:\/\/keymuseum.com\/en\/wp-json\/wp\/v2\/pages\/1047\/revisions\/8476"}],"wp:attachment":[{"href":"https:\/\/keymuseum.com\/en\/wp-json\/wp\/v2\/media?parent=1047"}],"curies":[{"name":"wp","href":"https:\/\/api.w.org\/{rel}","templated":true}]}}